{"id":35,"date":"2017-02-17T19:32:41","date_gmt":"2017-02-17T19:32:41","guid":{"rendered":"http:\/\/therapie-ori.de\/hillig-ruhland\/?page_id=35"},"modified":"2017-02-18T11:33:32","modified_gmt":"2017-02-18T11:33:32","slug":"impressum","status":"publish","type":"page","link":"https:\/\/therapie-ori.de\/hillig-ruhland\/impressum\/","title":{"rendered":"Impressum"},"content":{"rendered":"<p><strong>Angaben gem\u00e4\u00df \u00a7 5 TMG:<\/strong><\/p>\n<p><strong>Karin Hillig-Ruhland<\/strong><br \/>\n<strong> Ergotherapie<\/strong><\/p>\n<p>Ringstr. 1<br \/>\n71739 Oberriexingen<\/p>\n<p>Telefon: 07042-91 73 15<br \/>\ne-Mail: <a href=\"mailto:ergo@therapie-ori.de\">ergo@therapie-ori.de<\/a><\/p>\n<p>Berufsbezeichnung: Ergotherapeutin<\/p>\n<p>Die Aus\u00fcbung der T\u00e4tigkeit erfolgt nach dem Besch\u00e4ftigungs- und Arbeitstherapeutengesetzes vom 25. Mai 1976\u00a0 (BGBI. I\u00a0 S. 1246).<\/p>\n<p>Quelle: <i> <\/i><a href=\"https:\/\/www.e-recht24.de\"><span class=\"ds9\">eRecht24<\/span><\/a><\/p>\n","protected":false},"excerpt":{"rendered":"<p>Angaben gem\u00e4\u00df \u00a7 5 TMG: Karin Hillig-Ruhland Ergotherapie Ringstr. 1 71739 Oberriexingen Telefon: 07042-91 73 15 e-Mail: ergo@therapie-ori.de Berufsbezeichnung: Ergotherapeutin Die Aus\u00fcbung der T\u00e4tigkeit erfolgt nach dem Besch\u00e4ftigungs- und Arbeitstherapeutengesetzes vom 25. Mai 1976\u00a0 (BGBI. I\u00a0 S. 1246). Quelle: eRecht24<\/p>\n","protected":false},"author":1,"featured_media":0,"parent":0,"menu_order":0,"comment_status":"closed","ping_status":"closed","template":"","meta":{"footnotes":""},"class_list":["post-35","page","type-page","status-publish","hentry","nodate","item-wrap"],"_links":{"self":[{"href":"https:\/\/therapie-ori.de\/hillig-ruhland\/wp-json\/wp\/v2\/pages\/35","targetHints":{"allow":["GET"]}}],"collection":[{"href":"https:\/\/therapie-ori.de\/hillig-ruhland\/wp-json\/wp\/v2\/pages"}],"about":[{"href":"https:\/\/therapie-ori.de\/hillig-ruhland\/wp-json\/wp\/v2\/types\/page"}],"author":[{"embeddable":true,"href":"https:\/\/therapie-ori.de\/hillig-ruhland\/wp-json\/wp\/v2\/users\/1"}],"replies":[{"embeddable":true,"href":"https:\/\/therapie-ori.de\/hillig-ruhland\/wp-json\/wp\/v2\/comments?post=35"}],"version-history":[{"count":4,"href":"https:\/\/therapie-ori.de\/hillig-ruhland\/wp-json\/wp\/v2\/pages\/35\/revisions"}],"predecessor-version":[{"id":123,"href":"https:\/\/therapie-ori.de\/hillig-ruhland\/wp-json\/wp\/v2\/pages\/35\/revisions\/123"}],"wp:attachment":[{"href":"https:\/\/therapie-ori.de\/hillig-ruhland\/wp-json\/wp\/v2\/media?parent=35"}],"curies":[{"name":"wp","href":"https:\/\/api.w.org\/{rel}","templated":true}]}}