{"id":39,"date":"2017-02-17T19:33:55","date_gmt":"2017-02-17T19:33:55","guid":{"rendered":"http:\/\/therapie-ori.de\/hillig-ruhland\/?page_id=39"},"modified":"2023-10-04T13:31:09","modified_gmt":"2023-10-04T13:31:09","slug":"enwako","status":"publish","type":"page","link":"https:\/\/therapie-ori.de\/hillig-ruhland\/enwako\/","title":{"rendered":"ENWAKO"},"content":{"rendered":"<p style=\"text-align: left;\"><strong>EN<\/strong>twicklung \u2013 <strong>WA<\/strong>hrnehmung \u2013 <strong>KO<\/strong>ordination \u2013 <strong>KO<\/strong>nzentration<\/p>\n<p><img loading=\"lazy\" decoding=\"async\" class=\"alignleft size-medium wp-image-111\" src=\"https:\/\/therapie-ori.de\/hillig-ruhland\/wp-content\/uploads\/2017\/02\/IMG_9790_Karin_Enwako_bearbeitet-300x200.jpg\" alt=\"\" width=\"300\" height=\"200\" srcset=\"https:\/\/therapie-ori.de\/hillig-ruhland\/wp-content\/uploads\/2017\/02\/IMG_9790_Karin_Enwako_bearbeitet-300x200.jpg 300w, https:\/\/therapie-ori.de\/hillig-ruhland\/wp-content\/uploads\/2017\/02\/IMG_9790_Karin_Enwako_bearbeitet-768x512.jpg 768w, https:\/\/therapie-ori.de\/hillig-ruhland\/wp-content\/uploads\/2017\/02\/IMG_9790_Karin_Enwako_bearbeitet-1024x682.jpg 1024w\" sizes=\"auto, (max-width: 300px) 100vw, 300px\" \/>ENWAKO\u00ae arbeitet nach einem logisch aufgebauten Konzept, das auf die nat\u00fcrliche menschliche Wahrnehmungsentwicklung aufbaut. Durch die direkten Einfl\u00fcsse der k\u00f6rpereigenen Wahrnehmungssysteme werden diese Prozesse wieder aktiviert, integriert und automatisiert.<\/p>\n<p>ENWAKO\u00ae basiert auf Erfahrungen und bew\u00e4hrten Methoden aus: Optologie, Visualtraining, <img loading=\"lazy\" decoding=\"async\" class=\"alignleft size-medium wp-image-112\" src=\"https:\/\/therapie-ori.de\/hillig-ruhland\/wp-content\/uploads\/2017\/02\/bild-enwako-300x200.jpg\" alt=\"\" width=\"300\" height=\"200\" srcset=\"https:\/\/therapie-ori.de\/hillig-ruhland\/wp-content\/uploads\/2017\/02\/bild-enwako-300x200.jpg 300w, https:\/\/therapie-ori.de\/hillig-ruhland\/wp-content\/uploads\/2017\/02\/bild-enwako-768x513.jpg 768w, https:\/\/therapie-ori.de\/hillig-ruhland\/wp-content\/uploads\/2017\/02\/bild-enwako.jpg 831w\" sizes=\"auto, (max-width: 300px) 100vw, 300px\" \/>Funktionaloptometrie, Verhaltensoptometrie, neurophysiologischen Entwicklungsf\u00f6rderung, fr\u00fchkindlichem Reflextraining, primitivem Reflextraining, auditivem Wahrnehmungstraining, kin\u00e4sthetischemTraining; Akupressur; Entwicklungs\u00fcbungen, TCM, sanften K\u00f6rpertherapietechniken, Gehirntraining, Visualisierung, Neurologischem Training und anderen praxiserprobten Verfahren.<\/p>\n<p>Durch sinnvolle Verkn\u00fcpfung entsteht ein Behandlungsansatz, mit der die Wahrnehmungsverarbeitung (visuelle, auditive, taktile, primitive Wahrnehmung) getestet und wieder reorganisiert werden kann. \u00a9ENWAKO\u00ae 2012<\/p>\n<p>&nbsp;<\/p>\n<p>Ich setze das ENWAKO\u00ae \u2013 Wahrnehmungstraining f\u00fcr Kinder und Erwachsene bei z. B. folgenden Schwierigkeiten ein:<\/p>\n<p>\u2022 visuelle und \/ oder auditive Wahrnehmungsprobleme<br \/>\n\u2022 basale Wahrnehmungsprobleme der fr\u00fchkindlichen Reflexe<br \/>\n\u2022 Lese- und Rechtschreibprobleme<br \/>\n\u2022 Verwechseln von Buchstaben<br \/>\n\u2022 Zahlendreher<br \/>\n\u2022 Konzentrationsprobleme<br \/>\n\u2022 Traumata (z. B. Schleudertrauma)<br \/>\n\u2022 Fl\u00fcchtigkeitsfehler<br \/>\n\u2022 geringe Merkf\u00e4higkeit<\/p>\n<p>Diese Trainingsmethode wurde von Niels Ewald entwickelt. <a href=\"http:\/\/www.enwako.eu\/index_htm_files\/Interview%20Niels%20Ewald%20.pdf\">Hier<\/a> stellt er sie in einem Interview vor.<\/p>\n<p>Hinweis: Mit \u00ae gekennzeichnete Marken sind eingetragene Marken der ENWAKO\u00ae GmbH<\/p>\n","protected":false},"excerpt":{"rendered":"<p>ENtwicklung \u2013 WAhrnehmung \u2013 KOordination \u2013 KOnzentration ENWAKO\u00ae arbeitet nach einem logisch aufgebauten Konzept, das auf die nat\u00fcrliche menschliche Wahrnehmungsentwicklung aufbaut. Durch die direkten Einfl\u00fcsse der k\u00f6rpereigenen Wahrnehmungssysteme werden diese Prozesse wieder aktiviert, integriert und automatisiert. ENWAKO\u00ae basiert auf Erfahrungen und bew\u00e4hrten Methoden aus: Optologie, Visualtraining, Funktionaloptometrie, Verhaltensoptometrie, neurophysiologischen Entwicklungsf\u00f6rderung, fr\u00fchkindlichem Reflextraining, primitivem Reflextraining, auditivem &hellip; <\/p>\n<p><a class=\"more-link btn\" href=\"https:\/\/therapie-ori.de\/hillig-ruhland\/enwako\/\">Weiterlesen<\/a><\/p>\n","protected":false},"author":1,"featured_media":0,"parent":0,"menu_order":0,"comment_status":"closed","ping_status":"closed","template":"","meta":{"footnotes":""},"class_list":["post-39","page","type-page","status-publish","hentry","nodate","item-wrap"],"_links":{"self":[{"href":"https:\/\/therapie-ori.de\/hillig-ruhland\/wp-json\/wp\/v2\/pages\/39","targetHints":{"allow":["GET"]}}],"collection":[{"href":"https:\/\/therapie-ori.de\/hillig-ruhland\/wp-json\/wp\/v2\/pages"}],"about":[{"href":"https:\/\/therapie-ori.de\/hillig-ruhland\/wp-json\/wp\/v2\/types\/page"}],"author":[{"embeddable":true,"href":"https:\/\/therapie-ori.de\/hillig-ruhland\/wp-json\/wp\/v2\/users\/1"}],"replies":[{"embeddable":true,"href":"https:\/\/therapie-ori.de\/hillig-ruhland\/wp-json\/wp\/v2\/comments?post=39"}],"version-history":[{"count":9,"href":"https:\/\/therapie-ori.de\/hillig-ruhland\/wp-json\/wp\/v2\/pages\/39\/revisions"}],"predecessor-version":[{"id":119,"href":"https:\/\/therapie-ori.de\/hillig-ruhland\/wp-json\/wp\/v2\/pages\/39\/revisions\/119"}],"wp:attachment":[{"href":"https:\/\/therapie-ori.de\/hillig-ruhland\/wp-json\/wp\/v2\/media?parent=39"}],"curies":[{"name":"wp","href":"https:\/\/api.w.org\/{rel}","templated":true}]}}