{"id":45,"date":"2017-02-17T19:34:44","date_gmt":"2017-02-17T19:34:44","guid":{"rendered":"http:\/\/therapie-ori.de\/hillig-ruhland\/?page_id=45"},"modified":"2017-02-18T09:44:00","modified_gmt":"2017-02-18T09:44:00","slug":"kinder","status":"publish","type":"page","link":"https:\/\/therapie-ori.de\/hillig-ruhland\/kinder\/","title":{"rendered":"Kinder"},"content":{"rendered":"<p><span style=\"font-family: Liberation Sans,Arial,sans-serif;\"><img loading=\"lazy\" decoding=\"async\" class=\"alignleft size-medium wp-image-20\" src=\"https:\/\/therapie-ori.de\/hillig-ruhland\/wp-content\/uploads\/2017\/02\/Wendin-300x201.jpg\" alt=\"\" width=\"300\" height=\"201\" srcset=\"https:\/\/therapie-ori.de\/hillig-ruhland\/wp-content\/uploads\/2017\/02\/Wendin-300x201.jpg 300w, https:\/\/therapie-ori.de\/hillig-ruhland\/wp-content\/uploads\/2017\/02\/Wendin-768x514.jpg 768w, https:\/\/therapie-ori.de\/hillig-ruhland\/wp-content\/uploads\/2017\/02\/Wendin-1024x685.jpg 1024w\" sizes=\"auto, (max-width: 300px) 100vw, 300px\" \/>Wir begegnen jedem Kind offen und sehen zun\u00e4chst, was es kann, welche seine individuellen St\u00e4rken sind. Durch Beobachtung und spezifische Tests erweitert sich die Diagnostik. Wir erkennen die Schwierigkeiten und entwickeln die passenden Therapiem\u00f6glichkeiten zur gezielten F\u00f6rderung des Kindes. Ziel ist dabei auch immer, dass die Kinder gest\u00e4rkt aus der Therapie gehen. Selbstverst\u00e4ndlich sind die Eltern in die Therapie mit einbezogen. Im Einzelfall kann diese erg\u00e4nzt werden durch die Abstimmung mit behandelnden \u00c4rzten, Erziehern, Lehrern oder anderen Therapeuten.<\/span><\/p>\n<p><span style=\"font-family: Liberation Sans,Arial,sans-serif;\"><img loading=\"lazy\" decoding=\"async\" class=\"alignleft size-medium wp-image-19\" src=\"https:\/\/therapie-ori.de\/hillig-ruhland\/wp-content\/uploads\/2017\/02\/Wendin_Rutsche-300x201.jpg\" alt=\"\" width=\"300\" height=\"201\" srcset=\"https:\/\/therapie-ori.de\/hillig-ruhland\/wp-content\/uploads\/2017\/02\/Wendin_Rutsche-300x201.jpg 300w, https:\/\/therapie-ori.de\/hillig-ruhland\/wp-content\/uploads\/2017\/02\/Wendin_Rutsche-768x514.jpg 768w, https:\/\/therapie-ori.de\/hillig-ruhland\/wp-content\/uploads\/2017\/02\/Wendin_Rutsche-1024x685.jpg 1024w\" sizes=\"auto, (max-width: 300px) 100vw, 300px\" \/>Die kindliche Entwicklung findet im Spiel statt. Im Aufbau der Behandlungen haben das spielerische Erleben und das Gewinnen positiver Erfahrungen gro\u00dfe Bedeutung. Die Praxisr\u00e4ume bieten gro\u00dfz\u00fcgig Platz zum Spielen, Malen und Werken und umfassen einen eigenen Motorikraum.<\/span><\/p>\n<p>&nbsp;<\/p>\n<p>&nbsp;<\/p>\n<p>&nbsp;<\/p>\n<p><strong><span style=\"font-family: Liberation Sans,Arial,sans-serif;\">Unsere Therapieangebote sind:<\/span><\/strong><\/p>\n<p><span style=\"font-family: Liberation Sans,Arial,sans-serif;\">\u2022 Sensorische Integrationstherapie (SI)<\/span><\/p>\n<p><span style=\"font-family: Liberation Sans,Arial,sans-serif;\">\u2022 Fein- und Graphomotoriktraining<\/span><\/p>\n<p><span style=\"font-family: Liberation Sans,Arial,sans-serif;\">\u2022 Linksh\u00e4ndertraining<\/span><\/p>\n<p><span style=\"font-family: Liberation Sans,Arial,sans-serif;\">\u2022 Marburger Konzentrationstraining<\/span><\/p>\n<p><span style=\"font-family: Liberation Sans,Arial,sans-serif;\">\u2022 Psychomotorik<\/span><\/p>\n","protected":false},"excerpt":{"rendered":"<p>Wir begegnen jedem Kind offen und sehen zun\u00e4chst, was es kann, welche seine individuellen St\u00e4rken sind. Durch Beobachtung und spezifische Tests erweitert sich die Diagnostik. Wir erkennen die Schwierigkeiten und entwickeln die passenden Therapiem\u00f6glichkeiten zur gezielten F\u00f6rderung des Kindes. Ziel ist dabei auch immer, dass die Kinder gest\u00e4rkt aus der Therapie gehen. Selbstverst\u00e4ndlich sind die &hellip; <\/p>\n<p><a class=\"more-link btn\" href=\"https:\/\/therapie-ori.de\/hillig-ruhland\/kinder\/\">Weiterlesen<\/a><\/p>\n","protected":false},"author":1,"featured_media":0,"parent":0,"menu_order":0,"comment_status":"closed","ping_status":"closed","template":"","meta":{"footnotes":""},"class_list":["post-45","page","type-page","status-publish","hentry","nodate","item-wrap"],"_links":{"self":[{"href":"https:\/\/therapie-ori.de\/hillig-ruhland\/wp-json\/wp\/v2\/pages\/45","targetHints":{"allow":["GET"]}}],"collection":[{"href":"https:\/\/therapie-ori.de\/hillig-ruhland\/wp-json\/wp\/v2\/pages"}],"about":[{"href":"https:\/\/therapie-ori.de\/hillig-ruhland\/wp-json\/wp\/v2\/types\/page"}],"author":[{"embeddable":true,"href":"https:\/\/therapie-ori.de\/hillig-ruhland\/wp-json\/wp\/v2\/users\/1"}],"replies":[{"embeddable":true,"href":"https:\/\/therapie-ori.de\/hillig-ruhland\/wp-json\/wp\/v2\/comments?post=45"}],"version-history":[{"count":7,"href":"https:\/\/therapie-ori.de\/hillig-ruhland\/wp-json\/wp\/v2\/pages\/45\/revisions"}],"predecessor-version":[{"id":92,"href":"https:\/\/therapie-ori.de\/hillig-ruhland\/wp-json\/wp\/v2\/pages\/45\/revisions\/92"}],"wp:attachment":[{"href":"https:\/\/therapie-ori.de\/hillig-ruhland\/wp-json\/wp\/v2\/media?parent=45"}],"curies":[{"name":"wp","href":"https:\/\/api.w.org\/{rel}","templated":true}]}}