{"id":1170,"date":"2024-08-29T13:12:21","date_gmt":"2024-08-29T13:12:21","guid":{"rendered":"https:\/\/therapie-ori.de\/?page_id=1170"},"modified":"2024-09-02T13:07:05","modified_gmt":"2024-09-02T13:07:05","slug":"ernaehrungsberatung","status":"publish","type":"page","link":"https:\/\/therapie-ori.de\/index.php\/ernaehrungsberatung\/","title":{"rendered":"Ern\u00e4hrungsberatung"},"content":{"rendered":"\n<h4 class=\"wp-block-heading\">Ern\u00e4hrungsberatung<\/h4>\n\n\n\n<p>Egal ob Sie Ihr Wohlbefinden oder Ihre Leistungsf\u00e4higkeit steigern, oder ob Sie Ihre Ern\u00e4hrung wegen einer ganz bestimmten medizinischen Diagnose optimieren wollen, wir unterst\u00fctzen Sie gerne.<\/p>\n\n\n\n<p>Durch gezielte ern\u00e4hrungstherapeutische Ma\u00dfnahmen helfen wir Ihnen dabei, Ihre individuellen Ern\u00e4hrungsbed\u00fcrfnisse in Ihrem Alltag umzusetzen.<\/p>\n\n\n\n<ul class=\"wp-block-list\">\n<li>Einzelberatung bei AD(H)S, Autismus-Spektrum-St\u00f6rung, AUD (H) S<\/li>\n\n\n\n<li>Einzelberatung f\u00fcr Pr\u00e4vention von Krankheiten (beispielsweise Gewichtsreduktion, einseitige Ern\u00e4hrung, mediterrane Ern\u00e4hrung)<\/li>\n\n\n\n<li>Einzelberatung bei Krankheitsbildern (beispielsweise bei Autoimmunerkrankungen, Allergien und Unvertr\u00e4glichkeiten, Osteoporose)<\/li>\n\n\n\n<li>Einzelberatung in besonderen Lebenslagen und Ern\u00e4hrungsformen (beispielsweise bei Schwangerschaft, Kinderern\u00e4hrung, vegetarisch, vegan, Vollwertern\u00e4hrung, pflanzenbetonte Ern\u00e4hrung)<\/li>\n\n\n\n<li>Hausbesuche (Beratung, gemeinsames Kochen, K\u00fchlschrankcheck)<\/li>\n\n\n\n<li>Vortr\u00e4ge zu Di\u00e4tetiken und speziellen Ern\u00e4hrungsformen<\/li>\n<\/ul>\n\n\n\n<p><\/p>\n","protected":false},"excerpt":{"rendered":"<p>Ern\u00e4hrungsberatung Egal ob Sie Ihr Wohlbefinden oder Ihre Leistungsf\u00e4higkeit steigern, oder ob Sie Ihre Ern\u00e4hrung wegen einer ganz bestimmten medizinischen Diagnose optimieren wollen, wir unterst\u00fctzen Sie gerne. Durch gezielte ern\u00e4hrungstherapeutische Ma\u00dfnahmen helfen wir Ihnen dabei, Ihre individuellen Ern\u00e4hrungsbed\u00fcrfnisse in Ihrem Alltag umzusetzen.<\/p>\n","protected":false},"author":1,"featured_media":0,"parent":0,"menu_order":0,"comment_status":"closed","ping_status":"closed","template":"","meta":{"neve_meta_sidebar":"","neve_meta_container":"","neve_meta_enable_content_width":"","neve_meta_content_width":0,"neve_meta_title_alignment":"","neve_meta_author_avatar":"","neve_post_elements_order":"","neve_meta_disable_header":"","neve_meta_disable_footer":"","neve_meta_disable_title":"","footnotes":""},"class_list":["post-1170","page","type-page","status-publish","hentry"],"yoast_head":"<!-- This site is optimized with the Yoast SEO plugin v25.4 - https:\/\/yoast.com\/wordpress\/plugins\/seo\/ -->\n<title>Ern\u00e4hrungsberatung -<\/title>\n<meta name=\"robots\" content=\"index, follow, max-snippet:-1, max-image-preview:large, max-video-preview:-1\" \/>\n<link rel=\"canonical\" href=\"https:\/\/therapie-ori.de\/index.php\/ernaehrungsberatung\/\" \/>\n<meta property=\"og:locale\" content=\"de_DE\" \/>\n<meta property=\"og:type\" content=\"article\" \/>\n<meta property=\"og:title\" content=\"Ern\u00e4hrungsberatung -\" \/>\n<meta property=\"og:description\" content=\"Ern\u00e4hrungsberatung Egal ob Sie Ihr Wohlbefinden oder Ihre Leistungsf\u00e4higkeit steigern, oder ob Sie Ihre Ern\u00e4hrung wegen einer ganz bestimmten medizinischen Diagnose optimieren wollen, wir unterst\u00fctzen Sie gerne. Durch gezielte ern\u00e4hrungstherapeutische Ma\u00dfnahmen helfen wir Ihnen dabei, Ihre individuellen Ern\u00e4hrungsbed\u00fcrfnisse in Ihrem Alltag umzusetzen.\" \/>\n<meta property=\"og:url\" content=\"https:\/\/therapie-ori.de\/index.php\/ernaehrungsberatung\/\" \/>\n<meta property=\"article:modified_time\" content=\"2024-09-02T13:07:05+00:00\" \/>\n<meta name=\"twitter:card\" content=\"summary_large_image\" \/>\n<meta name=\"twitter:label1\" content=\"Gesch\u00e4tzte Lesezeit\" \/>\n\t<meta name=\"twitter:data1\" content=\"1\u00a0Minute\" \/>\n<script type=\"application\/ld+json\" class=\"yoast-schema-graph\">{\"@context\":\"https:\/\/schema.org\",\"@graph\":[{\"@type\":\"WebPage\",\"@id\":\"https:\/\/therapie-ori.de\/index.php\/ernaehrungsberatung\/\",\"url\":\"https:\/\/therapie-ori.de\/index.php\/ernaehrungsberatung\/\",\"name\":\"Ern\u00e4hrungsberatung -\",\"isPartOf\":{\"@id\":\"https:\/\/therapie-ori.de\/#website\"},\"datePublished\":\"2024-08-29T13:12:21+00:00\",\"dateModified\":\"2024-09-02T13:07:05+00:00\",\"breadcrumb\":{\"@id\":\"https:\/\/therapie-ori.de\/index.php\/ernaehrungsberatung\/#breadcrumb\"},\"inLanguage\":\"de\",\"potentialAction\":[{\"@type\":\"ReadAction\",\"target\":[\"https:\/\/therapie-ori.de\/index.php\/ernaehrungsberatung\/\"]}]},{\"@type\":\"BreadcrumbList\",\"@id\":\"https:\/\/therapie-ori.de\/index.php\/ernaehrungsberatung\/#breadcrumb\",\"itemListElement\":[{\"@type\":\"ListItem\",\"position\":1,\"name\":\"Startseite\",\"item\":\"https:\/\/therapie-ori.de\/\"},{\"@type\":\"ListItem\",\"position\":2,\"name\":\"Ern\u00e4hrungsberatung\"}]},{\"@type\":\"WebSite\",\"@id\":\"https:\/\/therapie-ori.de\/#website\",\"url\":\"https:\/\/therapie-ori.de\/\",\"name\":\"\",\"description\":\"\",\"potentialAction\":[{\"@type\":\"SearchAction\",\"target\":{\"@type\":\"EntryPoint\",\"urlTemplate\":\"https:\/\/therapie-ori.de\/?s={search_term_string}\"},\"query-input\":{\"@type\":\"PropertyValueSpecification\",\"valueRequired\":true,\"valueName\":\"search_term_string\"}}],\"inLanguage\":\"de\"}]}<\/script>\n<!-- \/ Yoast SEO plugin. -->","yoast_head_json":{"title":"Ern\u00e4hrungsberatung -","robots":{"index":"index","follow":"follow","max-snippet":"max-snippet:-1","max-image-preview":"max-image-preview:large","max-video-preview":"max-video-preview:-1"},"canonical":"https:\/\/therapie-ori.de\/index.php\/ernaehrungsberatung\/","og_locale":"de_DE","og_type":"article","og_title":"Ern\u00e4hrungsberatung -","og_description":"Ern\u00e4hrungsberatung Egal ob Sie Ihr Wohlbefinden oder Ihre Leistungsf\u00e4higkeit steigern, oder ob Sie Ihre Ern\u00e4hrung wegen einer ganz bestimmten medizinischen Diagnose optimieren wollen, wir unterst\u00fctzen Sie gerne. Durch gezielte ern\u00e4hrungstherapeutische Ma\u00dfnahmen helfen wir Ihnen dabei, Ihre individuellen Ern\u00e4hrungsbed\u00fcrfnisse in Ihrem Alltag umzusetzen.","og_url":"https:\/\/therapie-ori.de\/index.php\/ernaehrungsberatung\/","article_modified_time":"2024-09-02T13:07:05+00:00","twitter_card":"summary_large_image","twitter_misc":{"Gesch\u00e4tzte Lesezeit":"1\u00a0Minute"},"schema":{"@context":"https:\/\/schema.org","@graph":[{"@type":"WebPage","@id":"https:\/\/therapie-ori.de\/index.php\/ernaehrungsberatung\/","url":"https:\/\/therapie-ori.de\/index.php\/ernaehrungsberatung\/","name":"Ern\u00e4hrungsberatung -","isPartOf":{"@id":"https:\/\/therapie-ori.de\/#website"},"datePublished":"2024-08-29T13:12:21+00:00","dateModified":"2024-09-02T13:07:05+00:00","breadcrumb":{"@id":"https:\/\/therapie-ori.de\/index.php\/ernaehrungsberatung\/#breadcrumb"},"inLanguage":"de","potentialAction":[{"@type":"ReadAction","target":["https:\/\/therapie-ori.de\/index.php\/ernaehrungsberatung\/"]}]},{"@type":"BreadcrumbList","@id":"https:\/\/therapie-ori.de\/index.php\/ernaehrungsberatung\/#breadcrumb","itemListElement":[{"@type":"ListItem","position":1,"name":"Startseite","item":"https:\/\/therapie-ori.de\/"},{"@type":"ListItem","position":2,"name":"Ern\u00e4hrungsberatung"}]},{"@type":"WebSite","@id":"https:\/\/therapie-ori.de\/#website","url":"https:\/\/therapie-ori.de\/","name":"","description":"","potentialAction":[{"@type":"SearchAction","target":{"@type":"EntryPoint","urlTemplate":"https:\/\/therapie-ori.de\/?s={search_term_string}"},"query-input":{"@type":"PropertyValueSpecification","valueRequired":true,"valueName":"search_term_string"}}],"inLanguage":"de"}]}},"_links":{"self":[{"href":"https:\/\/therapie-ori.de\/index.php\/wp-json\/wp\/v2\/pages\/1170","targetHints":{"allow":["GET"]}}],"collection":[{"href":"https:\/\/therapie-ori.de\/index.php\/wp-json\/wp\/v2\/pages"}],"about":[{"href":"https:\/\/therapie-ori.de\/index.php\/wp-json\/wp\/v2\/types\/page"}],"author":[{"embeddable":true,"href":"https:\/\/therapie-ori.de\/index.php\/wp-json\/wp\/v2\/users\/1"}],"replies":[{"embeddable":true,"href":"https:\/\/therapie-ori.de\/index.php\/wp-json\/wp\/v2\/comments?post=1170"}],"version-history":[{"count":6,"href":"https:\/\/therapie-ori.de\/index.php\/wp-json\/wp\/v2\/pages\/1170\/revisions"}],"predecessor-version":[{"id":1178,"href":"https:\/\/therapie-ori.de\/index.php\/wp-json\/wp\/v2\/pages\/1170\/revisions\/1178"}],"wp:attachment":[{"href":"https:\/\/therapie-ori.de\/index.php\/wp-json\/wp\/v2\/media?parent=1170"}],"curies":[{"name":"wp","href":"https:\/\/api.w.org\/{rel}","templated":true}]}}