{"id":930,"date":"2023-02-27T12:45:51","date_gmt":"2023-02-27T12:45:51","guid":{"rendered":"https:\/\/neu.therapie-ori.de\/?page_id=930"},"modified":"2023-04-21T09:41:50","modified_gmt":"2023-04-21T09:41:50","slug":"wellness-massagen","status":"publish","type":"page","link":"https:\/\/therapie-ori.de\/index.php\/wellness-massagen\/","title":{"rendered":"Wellness &#038; Massagen"},"content":{"rendered":"\n<h4 class=\"wp-block-heading\">Unsere Leistungen im \u00dcberblick<\/h4>\n\n\n\n<p>F\u00fcr Ihr Wohlbefinden bieten wir auch verschiedene Massagen und erg\u00e4nzende W\u00e4rmeanwendungen an. Gerne auch als Gutschein zum Verschenken.<\/p>\n\n\n\n<ul class=\"wp-block-list\">\n<li>Wellness Massage<\/li>\n\n\n\n<li>klassische Teil- oder Ganzk\u00f6rpermassage<\/li>\n\n\n\n<li>Sportmassage<\/li>\n\n\n\n<li>Lymphdrainage<\/li>\n\n\n\n<li>Schr\u00f6pfmassage<\/li>\n\n\n\n<li>Hei\u00dfluft<\/li>\n\n\n\n<li>Hei\u00dfe Rolle<\/li>\n\n\n\n<li>Warmpackungen<\/li>\n\n\n\n<li>Naturmoorfango<\/li>\n<\/ul>\n","protected":false},"excerpt":{"rendered":"<p>Unsere Leistungen im \u00dcberblick F\u00fcr Ihr Wohlbefinden bieten wir auch verschiedene Massagen und erg\u00e4nzende W\u00e4rmeanwendungen an. Gerne auch als Gutschein zum Verschenken.<\/p>\n","protected":false},"author":1,"featured_media":0,"parent":0,"menu_order":0,"comment_status":"closed","ping_status":"closed","template":"","meta":{"neve_meta_sidebar":"","neve_meta_container":"","neve_meta_enable_content_width":"","neve_meta_content_width":0,"neve_meta_title_alignment":"","neve_meta_author_avatar":"","neve_post_elements_order":"","neve_meta_disable_header":"","neve_meta_disable_footer":"","neve_meta_disable_title":"","footnotes":""},"class_list":["post-930","page","type-page","status-publish","hentry"],"yoast_head":"<!-- This site is optimized with the Yoast SEO plugin v25.4 - https:\/\/yoast.com\/wordpress\/plugins\/seo\/ -->\n<title>Wellness &amp; Massagen -<\/title>\n<meta name=\"robots\" content=\"index, follow, max-snippet:-1, max-image-preview:large, max-video-preview:-1\" \/>\n<link rel=\"canonical\" href=\"https:\/\/therapie-ori.de\/index.php\/wellness-massagen\/\" \/>\n<meta property=\"og:locale\" content=\"de_DE\" \/>\n<meta property=\"og:type\" content=\"article\" \/>\n<meta property=\"og:title\" content=\"Wellness &amp; Massagen -\" \/>\n<meta property=\"og:description\" content=\"Unsere Leistungen im \u00dcberblick F\u00fcr Ihr Wohlbefinden bieten wir auch verschiedene Massagen und erg\u00e4nzende W\u00e4rmeanwendungen an. Gerne auch als Gutschein zum Verschenken.\" \/>\n<meta property=\"og:url\" content=\"https:\/\/therapie-ori.de\/index.php\/wellness-massagen\/\" \/>\n<meta property=\"article:modified_time\" content=\"2023-04-21T09:41:50+00:00\" \/>\n<meta name=\"twitter:card\" content=\"summary_large_image\" \/>\n<meta name=\"twitter:label1\" content=\"Gesch\u00e4tzte Lesezeit\" \/>\n\t<meta name=\"twitter:data1\" content=\"1\u00a0Minute\" \/>\n<script type=\"application\/ld+json\" class=\"yoast-schema-graph\">{\"@context\":\"https:\/\/schema.org\",\"@graph\":[{\"@type\":\"WebPage\",\"@id\":\"https:\/\/therapie-ori.de\/index.php\/wellness-massagen\/\",\"url\":\"https:\/\/therapie-ori.de\/index.php\/wellness-massagen\/\",\"name\":\"Wellness & Massagen -\",\"isPartOf\":{\"@id\":\"https:\/\/therapie-ori.de\/#website\"},\"datePublished\":\"2023-02-27T12:45:51+00:00\",\"dateModified\":\"2023-04-21T09:41:50+00:00\",\"breadcrumb\":{\"@id\":\"https:\/\/therapie-ori.de\/index.php\/wellness-massagen\/#breadcrumb\"},\"inLanguage\":\"de\",\"potentialAction\":[{\"@type\":\"ReadAction\",\"target\":[\"https:\/\/therapie-ori.de\/index.php\/wellness-massagen\/\"]}]},{\"@type\":\"BreadcrumbList\",\"@id\":\"https:\/\/therapie-ori.de\/index.php\/wellness-massagen\/#breadcrumb\",\"itemListElement\":[{\"@type\":\"ListItem\",\"position\":1,\"name\":\"Startseite\",\"item\":\"https:\/\/therapie-ori.de\/\"},{\"@type\":\"ListItem\",\"position\":2,\"name\":\"Wellness &#038; Massagen\"}]},{\"@type\":\"WebSite\",\"@id\":\"https:\/\/therapie-ori.de\/#website\",\"url\":\"https:\/\/therapie-ori.de\/\",\"name\":\"\",\"description\":\"\",\"potentialAction\":[{\"@type\":\"SearchAction\",\"target\":{\"@type\":\"EntryPoint\",\"urlTemplate\":\"https:\/\/therapie-ori.de\/?s={search_term_string}\"},\"query-input\":{\"@type\":\"PropertyValueSpecification\",\"valueRequired\":true,\"valueName\":\"search_term_string\"}}],\"inLanguage\":\"de\"}]}<\/script>\n<!-- \/ Yoast SEO plugin. -->","yoast_head_json":{"title":"Wellness & Massagen -","robots":{"index":"index","follow":"follow","max-snippet":"max-snippet:-1","max-image-preview":"max-image-preview:large","max-video-preview":"max-video-preview:-1"},"canonical":"https:\/\/therapie-ori.de\/index.php\/wellness-massagen\/","og_locale":"de_DE","og_type":"article","og_title":"Wellness & Massagen -","og_description":"Unsere Leistungen im \u00dcberblick F\u00fcr Ihr Wohlbefinden bieten wir auch verschiedene Massagen und erg\u00e4nzende W\u00e4rmeanwendungen an. Gerne auch als Gutschein zum Verschenken.","og_url":"https:\/\/therapie-ori.de\/index.php\/wellness-massagen\/","article_modified_time":"2023-04-21T09:41:50+00:00","twitter_card":"summary_large_image","twitter_misc":{"Gesch\u00e4tzte Lesezeit":"1\u00a0Minute"},"schema":{"@context":"https:\/\/schema.org","@graph":[{"@type":"WebPage","@id":"https:\/\/therapie-ori.de\/index.php\/wellness-massagen\/","url":"https:\/\/therapie-ori.de\/index.php\/wellness-massagen\/","name":"Wellness & Massagen -","isPartOf":{"@id":"https:\/\/therapie-ori.de\/#website"},"datePublished":"2023-02-27T12:45:51+00:00","dateModified":"2023-04-21T09:41:50+00:00","breadcrumb":{"@id":"https:\/\/therapie-ori.de\/index.php\/wellness-massagen\/#breadcrumb"},"inLanguage":"de","potentialAction":[{"@type":"ReadAction","target":["https:\/\/therapie-ori.de\/index.php\/wellness-massagen\/"]}]},{"@type":"BreadcrumbList","@id":"https:\/\/therapie-ori.de\/index.php\/wellness-massagen\/#breadcrumb","itemListElement":[{"@type":"ListItem","position":1,"name":"Startseite","item":"https:\/\/therapie-ori.de\/"},{"@type":"ListItem","position":2,"name":"Wellness &#038; Massagen"}]},{"@type":"WebSite","@id":"https:\/\/therapie-ori.de\/#website","url":"https:\/\/therapie-ori.de\/","name":"","description":"","potentialAction":[{"@type":"SearchAction","target":{"@type":"EntryPoint","urlTemplate":"https:\/\/therapie-ori.de\/?s={search_term_string}"},"query-input":{"@type":"PropertyValueSpecification","valueRequired":true,"valueName":"search_term_string"}}],"inLanguage":"de"}]}},"_links":{"self":[{"href":"https:\/\/therapie-ori.de\/index.php\/wp-json\/wp\/v2\/pages\/930","targetHints":{"allow":["GET"]}}],"collection":[{"href":"https:\/\/therapie-ori.de\/index.php\/wp-json\/wp\/v2\/pages"}],"about":[{"href":"https:\/\/therapie-ori.de\/index.php\/wp-json\/wp\/v2\/types\/page"}],"author":[{"embeddable":true,"href":"https:\/\/therapie-ori.de\/index.php\/wp-json\/wp\/v2\/users\/1"}],"replies":[{"embeddable":true,"href":"https:\/\/therapie-ori.de\/index.php\/wp-json\/wp\/v2\/comments?post=930"}],"version-history":[{"count":3,"href":"https:\/\/therapie-ori.de\/index.php\/wp-json\/wp\/v2\/pages\/930\/revisions"}],"predecessor-version":[{"id":1133,"href":"https:\/\/therapie-ori.de\/index.php\/wp-json\/wp\/v2\/pages\/930\/revisions\/1133"}],"wp:attachment":[{"href":"https:\/\/therapie-ori.de\/index.php\/wp-json\/wp\/v2\/media?parent=930"}],"curies":[{"name":"wp","href":"https:\/\/api.w.org\/{rel}","templated":true}]}}