{"id":952,"date":"2023-02-27T14:38:36","date_gmt":"2023-02-27T14:38:36","guid":{"rendered":"https:\/\/neu.therapie-ori.de\/?page_id=952"},"modified":"2023-04-21T10:39:59","modified_gmt":"2023-04-21T10:39:59","slug":"impressionen","status":"publish","type":"page","link":"https:\/\/therapie-ori.de\/index.php\/impressionen\/","title":{"rendered":"Impressionen"},"content":{"rendered":"\n<h4 class=\"wp-block-heading\">Impressionen<\/h4>\n\n\n\n<p>Seit 2006 existiert die Praxisgemeinschaft Physiotherapie und Ergotherapie in Oberriexingen. In unserer Abteilung Physiotherapie und Naturheilkunde bieten wir Ihnen ein breites Spektrum an Gesundheitsleistungen, sowie Wohlf\u00fchl- &amp; Pr\u00e4ventionsangebote.<\/p>\n\n\n\n<p>Unsere Praxisr\u00e4umlichkeiten umfassen 4 Behandlungszimmer jeweils abgestimmt auf Beratungs-, Wellness- oder Therapieangebote \u2013 Einzeln oder als Gruppe.<\/p>\n\n\n<style type=\"text\/css\">\n\t#foogallery-gallery-1034 .fg-image {\n        width: 120px;\n    }\n<\/style>\n\t\t\t\t<div class=\"foogallery foogallery-container foogallery-default foogallery-lightbox-foobox fg-gutter-10 fg-left fg-default fg-light fg-border-thin fg-shadow-outline fg-loading-default fg-loaded-fade-in fg-caption-hover fg-hover-fade fg-hover-zoom fg-ready\" id=\"foogallery-gallery-1034\" data-foogallery=\"{&quot;item&quot;:{&quot;showCaptionTitle&quot;:true,&quot;showCaptionDescription&quot;:true},&quot;lazy&quot;:true}\" >\n\t<div class=\"fg-item fg-type-image fg-idle\"><figure class=\"fg-item-inner\"><a href=\"https:\/\/therapie-ori.de\/wp-content\/uploads\/2023\/02\/praxis_2.png\" data-attachment-id=\"1036\" data-e-disable-page-transition=\"true\" data-type=\"image\" class=\"fg-thumb\"><span class=\"fg-image-wrap\"><img decoding=\"async\" width=\"120\" height=\"120\" class=\"skip-lazy fg-image\" data-src-fg=\"https:\/\/therapie-ori.de\/wp-content\/uploads\/cache\/2023\/02\/praxis_2\/3049850329.png\" src=\"data:image\/svg+xml,%3Csvg%20xmlns%3D%22http%3A%2F%2Fwww.w3.org%2F2000%2Fsvg%22%20width%3D%22120%22%20height%3D%22120%22%20viewBox%3D%220%200%20120%20120%22%3E%3C%2Fsvg%3E\" loading=\"eager\"><\/span><span class=\"fg-image-overlay\"><\/span><\/a><figcaption class=\"fg-caption\"><div class=\"fg-caption-inner\"><\/div><\/figcaption><\/figure><div class=\"fg-loader\"><\/div><\/div><div class=\"fg-item fg-type-image fg-idle\"><figure class=\"fg-item-inner\"><a href=\"https:\/\/therapie-ori.de\/wp-content\/uploads\/2023\/02\/praxis_5.png\" data-attachment-id=\"1039\" data-e-disable-page-transition=\"true\" data-type=\"image\" class=\"fg-thumb\"><span class=\"fg-image-wrap\"><img decoding=\"async\" width=\"120\" height=\"120\" class=\"skip-lazy fg-image\" data-src-fg=\"https:\/\/therapie-ori.de\/wp-content\/uploads\/cache\/2023\/02\/praxis_5\/216877251.png\" src=\"data:image\/svg+xml,%3Csvg%20xmlns%3D%22http%3A%2F%2Fwww.w3.org%2F2000%2Fsvg%22%20width%3D%22120%22%20height%3D%22120%22%20viewBox%3D%220%200%20120%20120%22%3E%3C%2Fsvg%3E\" loading=\"eager\"><\/span><span class=\"fg-image-overlay\"><\/span><\/a><figcaption class=\"fg-caption\"><div class=\"fg-caption-inner\"><\/div><\/figcaption><\/figure><div class=\"fg-loader\"><\/div><\/div><div class=\"fg-item fg-type-image fg-idle\"><figure class=\"fg-item-inner\"><a href=\"https:\/\/therapie-ori.de\/wp-content\/uploads\/2023\/02\/Homepage207_Impression-scaled.jpg\" data-attachment-id=\"1126\" data-e-disable-page-transition=\"true\" data-type=\"image\" class=\"fg-thumb\"><span class=\"fg-image-wrap\"><img decoding=\"async\" width=\"120\" height=\"120\" class=\"skip-lazy fg-image\" data-src-fg=\"https:\/\/therapie-ori.de\/wp-content\/uploads\/cache\/2023\/02\/Homepage207_Impression-scaled\/4241114131.jpg\" src=\"data:image\/svg+xml,%3Csvg%20xmlns%3D%22http%3A%2F%2Fwww.w3.org%2F2000%2Fsvg%22%20width%3D%22120%22%20height%3D%22120%22%20viewBox%3D%220%200%20120%20120%22%3E%3C%2Fsvg%3E\" loading=\"eager\"><\/span><span class=\"fg-image-overlay\"><\/span><\/a><figcaption class=\"fg-caption\"><div class=\"fg-caption-inner\"><\/div><\/figcaption><\/figure><div class=\"fg-loader\"><\/div><\/div><div class=\"fg-item fg-type-image fg-idle\"><figure class=\"fg-item-inner\"><a href=\"https:\/\/therapie-ori.de\/wp-content\/uploads\/2023\/02\/Homepage108_Raum-scaled.jpg\" data-attachment-id=\"1119\" data-e-disable-page-transition=\"true\" data-type=\"image\" class=\"fg-thumb\"><span class=\"fg-image-wrap\"><img decoding=\"async\" width=\"120\" height=\"120\" class=\"skip-lazy fg-image\" data-src-fg=\"https:\/\/therapie-ori.de\/wp-content\/uploads\/cache\/2023\/02\/Homepage108_Raum-scaled\/888697594.jpg\" src=\"data:image\/svg+xml,%3Csvg%20xmlns%3D%22http%3A%2F%2Fwww.w3.org%2F2000%2Fsvg%22%20width%3D%22120%22%20height%3D%22120%22%20viewBox%3D%220%200%20120%20120%22%3E%3C%2Fsvg%3E\" loading=\"eager\"><\/span><span class=\"fg-image-overlay\"><\/span><\/a><figcaption class=\"fg-caption\"><div class=\"fg-caption-inner\"><\/div><\/figcaption><\/figure><div class=\"fg-loader\"><\/div><\/div><div class=\"fg-item fg-type-image fg-idle\"><figure class=\"fg-item-inner\"><a href=\"https:\/\/therapie-ori.de\/wp-content\/uploads\/2023\/02\/Homepage201_Impression-scaled.jpg\" data-attachment-id=\"1120\" data-e-disable-page-transition=\"true\" data-type=\"image\" class=\"fg-thumb\"><span class=\"fg-image-wrap\"><img decoding=\"async\" width=\"120\" height=\"120\" class=\"skip-lazy fg-image\" data-src-fg=\"https:\/\/therapie-ori.de\/wp-content\/uploads\/cache\/2023\/02\/Homepage201_Impression-scaled\/2761298025.jpg\" src=\"data:image\/svg+xml,%3Csvg%20xmlns%3D%22http%3A%2F%2Fwww.w3.org%2F2000%2Fsvg%22%20width%3D%22120%22%20height%3D%22120%22%20viewBox%3D%220%200%20120%20120%22%3E%3C%2Fsvg%3E\" loading=\"eager\"><\/span><span class=\"fg-image-overlay\"><\/span><\/a><figcaption class=\"fg-caption\"><div class=\"fg-caption-inner\"><\/div><\/figcaption><\/figure><div class=\"fg-loader\"><\/div><\/div><div class=\"fg-item fg-type-image fg-idle\"><figure class=\"fg-item-inner\"><a href=\"https:\/\/therapie-ori.de\/wp-content\/uploads\/2023\/02\/Homepage204_Impression-scaled.jpg\" data-attachment-id=\"1123\" data-e-disable-page-transition=\"true\" data-type=\"image\" class=\"fg-thumb\"><span class=\"fg-image-wrap\"><img decoding=\"async\" width=\"120\" height=\"120\" class=\"skip-lazy fg-image\" data-src-fg=\"https:\/\/therapie-ori.de\/wp-content\/uploads\/cache\/2023\/02\/Homepage204_Impression-scaled\/3076974565.jpg\" src=\"data:image\/svg+xml,%3Csvg%20xmlns%3D%22http%3A%2F%2Fwww.w3.org%2F2000%2Fsvg%22%20width%3D%22120%22%20height%3D%22120%22%20viewBox%3D%220%200%20120%20120%22%3E%3C%2Fsvg%3E\" loading=\"eager\"><\/span><span class=\"fg-image-overlay\"><\/span><\/a><figcaption class=\"fg-caption\"><div class=\"fg-caption-inner\"><\/div><\/figcaption><\/figure><div class=\"fg-loader\"><\/div><\/div><div class=\"fg-item fg-type-image fg-idle\"><figure class=\"fg-item-inner\"><a href=\"https:\/\/therapie-ori.de\/wp-content\/uploads\/2023\/02\/Homepage101_Raum-scaled.jpg\" data-attachment-id=\"1112\" data-e-disable-page-transition=\"true\" data-type=\"image\" class=\"fg-thumb\"><span class=\"fg-image-wrap\"><img decoding=\"async\" width=\"120\" height=\"120\" class=\"skip-lazy fg-image\" data-src-fg=\"https:\/\/therapie-ori.de\/wp-content\/uploads\/cache\/2023\/02\/Homepage101_Raum-scaled\/3258069378.jpg\" src=\"data:image\/svg+xml,%3Csvg%20xmlns%3D%22http%3A%2F%2Fwww.w3.org%2F2000%2Fsvg%22%20width%3D%22120%22%20height%3D%22120%22%20viewBox%3D%220%200%20120%20120%22%3E%3C%2Fsvg%3E\" loading=\"eager\"><\/span><span class=\"fg-image-overlay\"><\/span><\/a><figcaption class=\"fg-caption\"><div class=\"fg-caption-inner\"><\/div><\/figcaption><\/figure><div class=\"fg-loader\"><\/div><\/div><div class=\"fg-item fg-type-image fg-idle\"><figure class=\"fg-item-inner\"><a href=\"https:\/\/therapie-ori.de\/wp-content\/uploads\/2023\/02\/Homepage202_Impression-scaled.jpg\" data-attachment-id=\"1121\" data-e-disable-page-transition=\"true\" data-type=\"image\" class=\"fg-thumb\"><span class=\"fg-image-wrap\"><img decoding=\"async\" width=\"120\" height=\"120\" class=\"skip-lazy fg-image\" data-src-fg=\"https:\/\/therapie-ori.de\/wp-content\/uploads\/cache\/2023\/02\/Homepage202_Impression-scaled\/485048530.jpg\" src=\"data:image\/svg+xml,%3Csvg%20xmlns%3D%22http%3A%2F%2Fwww.w3.org%2F2000%2Fsvg%22%20width%3D%22120%22%20height%3D%22120%22%20viewBox%3D%220%200%20120%20120%22%3E%3C%2Fsvg%3E\" loading=\"eager\"><\/span><span class=\"fg-image-overlay\"><\/span><\/a><figcaption class=\"fg-caption\"><div class=\"fg-caption-inner\"><\/div><\/figcaption><\/figure><div class=\"fg-loader\"><\/div><\/div><div class=\"fg-item fg-type-image fg-idle\"><figure class=\"fg-item-inner\"><a href=\"https:\/\/therapie-ori.de\/wp-content\/uploads\/2023\/02\/Homepage103_Raum-scaled.jpg\" data-attachment-id=\"1114\" data-e-disable-page-transition=\"true\" data-type=\"image\" class=\"fg-thumb\"><span class=\"fg-image-wrap\"><img decoding=\"async\" width=\"120\" height=\"120\" class=\"skip-lazy fg-image\" data-src-fg=\"https:\/\/therapie-ori.de\/wp-content\/uploads\/cache\/2023\/02\/Homepage103_Raum-scaled\/3382009098.jpg\" src=\"data:image\/svg+xml,%3Csvg%20xmlns%3D%22http%3A%2F%2Fwww.w3.org%2F2000%2Fsvg%22%20width%3D%22120%22%20height%3D%22120%22%20viewBox%3D%220%200%20120%20120%22%3E%3C%2Fsvg%3E\" loading=\"eager\"><\/span><span class=\"fg-image-overlay\"><\/span><\/a><figcaption class=\"fg-caption\"><div class=\"fg-caption-inner\"><\/div><\/figcaption><\/figure><div class=\"fg-loader\"><\/div><\/div><div class=\"fg-item fg-type-image fg-idle\"><figure class=\"fg-item-inner\"><a href=\"https:\/\/therapie-ori.de\/wp-content\/uploads\/2023\/02\/Homepage104_Raum-scaled.jpg\" data-attachment-id=\"1115\" data-e-disable-page-transition=\"true\" data-type=\"image\" class=\"fg-thumb\"><span class=\"fg-image-wrap\"><img decoding=\"async\" width=\"120\" height=\"120\" class=\"skip-lazy fg-image\" data-src-fg=\"https:\/\/therapie-ori.de\/wp-content\/uploads\/cache\/2023\/02\/Homepage104_Raum-scaled\/3194846552.jpg\" src=\"data:image\/svg+xml,%3Csvg%20xmlns%3D%22http%3A%2F%2Fwww.w3.org%2F2000%2Fsvg%22%20width%3D%22120%22%20height%3D%22120%22%20viewBox%3D%220%200%20120%20120%22%3E%3C%2Fsvg%3E\" loading=\"eager\"><\/span><span class=\"fg-image-overlay\"><\/span><\/a><figcaption class=\"fg-caption\"><div class=\"fg-caption-inner\"><\/div><\/figcaption><\/figure><div class=\"fg-loader\"><\/div><\/div><div class=\"fg-item fg-type-image fg-idle\"><figure class=\"fg-item-inner\"><a href=\"https:\/\/therapie-ori.de\/wp-content\/uploads\/2023\/02\/Homepage102_Raum-scaled.jpg\" data-attachment-id=\"1113\" data-e-disable-page-transition=\"true\" data-type=\"image\" class=\"fg-thumb\"><span class=\"fg-image-wrap\"><img decoding=\"async\" width=\"120\" height=\"120\" class=\"skip-lazy fg-image\" data-src-fg=\"https:\/\/therapie-ori.de\/wp-content\/uploads\/cache\/2023\/02\/Homepage102_Raum-scaled\/4213701257.jpg\" src=\"data:image\/svg+xml,%3Csvg%20xmlns%3D%22http%3A%2F%2Fwww.w3.org%2F2000%2Fsvg%22%20width%3D%22120%22%20height%3D%22120%22%20viewBox%3D%220%200%20120%20120%22%3E%3C%2Fsvg%3E\" loading=\"eager\"><\/span><span class=\"fg-image-overlay\"><\/span><\/a><figcaption class=\"fg-caption\"><div class=\"fg-caption-inner\"><\/div><\/figcaption><\/figure><div class=\"fg-loader\"><\/div><\/div><div class=\"fg-item fg-type-image fg-idle\"><figure class=\"fg-item-inner\"><a href=\"https:\/\/therapie-ori.de\/wp-content\/uploads\/2023\/02\/Homepage105_Raum-scaled.jpg\" data-attachment-id=\"1116\" data-e-disable-page-transition=\"true\" data-type=\"image\" class=\"fg-thumb\"><span class=\"fg-image-wrap\"><img decoding=\"async\" width=\"120\" height=\"120\" class=\"skip-lazy fg-image\" data-src-fg=\"https:\/\/therapie-ori.de\/wp-content\/uploads\/cache\/2023\/02\/Homepage105_Raum-scaled\/3149843228.jpg\" src=\"data:image\/svg+xml,%3Csvg%20xmlns%3D%22http%3A%2F%2Fwww.w3.org%2F2000%2Fsvg%22%20width%3D%22120%22%20height%3D%22120%22%20viewBox%3D%220%200%20120%20120%22%3E%3C%2Fsvg%3E\" loading=\"eager\"><\/span><span class=\"fg-image-overlay\"><\/span><\/a><figcaption class=\"fg-caption\"><div class=\"fg-caption-inner\"><\/div><\/figcaption><\/figure><div class=\"fg-loader\"><\/div><\/div><div class=\"fg-item fg-type-image fg-idle\"><figure class=\"fg-item-inner\"><a href=\"https:\/\/therapie-ori.de\/wp-content\/uploads\/2023\/02\/Homepage203_Impression-scaled.jpg\" data-attachment-id=\"1122\" data-e-disable-page-transition=\"true\" data-type=\"image\" class=\"fg-thumb\"><span class=\"fg-image-wrap\"><img decoding=\"async\" width=\"120\" height=\"120\" class=\"skip-lazy fg-image\" data-src-fg=\"https:\/\/therapie-ori.de\/wp-content\/uploads\/cache\/2023\/02\/Homepage203_Impression-scaled\/630006144.jpg\" src=\"data:image\/svg+xml,%3Csvg%20xmlns%3D%22http%3A%2F%2Fwww.w3.org%2F2000%2Fsvg%22%20width%3D%22120%22%20height%3D%22120%22%20viewBox%3D%220%200%20120%20120%22%3E%3C%2Fsvg%3E\" loading=\"eager\"><\/span><span class=\"fg-image-overlay\"><\/span><\/a><figcaption class=\"fg-caption\"><div class=\"fg-caption-inner\"><\/div><\/figcaption><\/figure><div class=\"fg-loader\"><\/div><\/div><div class=\"fg-item fg-type-image fg-idle\"><figure class=\"fg-item-inner\"><a href=\"https:\/\/therapie-ori.de\/wp-content\/uploads\/2023\/02\/Homepage106_Raum-scaled.jpg\" data-attachment-id=\"1117\" data-e-disable-page-transition=\"true\" data-type=\"image\" class=\"fg-thumb\"><span class=\"fg-image-wrap\"><img decoding=\"async\" width=\"120\" height=\"120\" class=\"skip-lazy fg-image\" data-src-fg=\"https:\/\/therapie-ori.de\/wp-content\/uploads\/cache\/2023\/02\/Homepage106_Raum-scaled\/2192244759.jpg\" src=\"data:image\/svg+xml,%3Csvg%20xmlns%3D%22http%3A%2F%2Fwww.w3.org%2F2000%2Fsvg%22%20width%3D%22120%22%20height%3D%22120%22%20viewBox%3D%220%200%20120%20120%22%3E%3C%2Fsvg%3E\" loading=\"eager\"><\/span><span class=\"fg-image-overlay\"><\/span><\/a><figcaption class=\"fg-caption\"><div class=\"fg-caption-inner\"><\/div><\/figcaption><\/figure><div class=\"fg-loader\"><\/div><\/div><div class=\"fg-item fg-type-image fg-idle\"><figure class=\"fg-item-inner\"><a href=\"https:\/\/therapie-ori.de\/wp-content\/uploads\/2023\/02\/Homepage107_Raum-scaled.jpg\" data-attachment-id=\"1118\" data-e-disable-page-transition=\"true\" data-type=\"image\" class=\"fg-thumb\"><span class=\"fg-image-wrap\"><img decoding=\"async\" width=\"120\" height=\"120\" class=\"skip-lazy fg-image\" data-src-fg=\"https:\/\/therapie-ori.de\/wp-content\/uploads\/cache\/2023\/02\/Homepage107_Raum-scaled\/3738928154.jpg\" src=\"data:image\/svg+xml,%3Csvg%20xmlns%3D%22http%3A%2F%2Fwww.w3.org%2F2000%2Fsvg%22%20width%3D%22120%22%20height%3D%22120%22%20viewBox%3D%220%200%20120%20120%22%3E%3C%2Fsvg%3E\" loading=\"eager\"><\/span><span class=\"fg-image-overlay\"><\/span><\/a><figcaption class=\"fg-caption\"><div class=\"fg-caption-inner\"><\/div><\/figcaption><\/figure><div class=\"fg-loader\"><\/div><\/div><div class=\"fg-item fg-type-image fg-idle\"><figure class=\"fg-item-inner\"><a href=\"https:\/\/therapie-ori.de\/wp-content\/uploads\/2023\/02\/Homepage206_Impression-scaled.jpg\" data-attachment-id=\"1125\" data-e-disable-page-transition=\"true\" data-type=\"image\" class=\"fg-thumb\"><span class=\"fg-image-wrap\"><img decoding=\"async\" width=\"120\" height=\"120\" class=\"skip-lazy fg-image\" data-src-fg=\"https:\/\/therapie-ori.de\/wp-content\/uploads\/cache\/2023\/02\/Homepage206_Impression-scaled\/3316524353.jpg\" src=\"data:image\/svg+xml,%3Csvg%20xmlns%3D%22http%3A%2F%2Fwww.w3.org%2F2000%2Fsvg%22%20width%3D%22120%22%20height%3D%22120%22%20viewBox%3D%220%200%20120%20120%22%3E%3C%2Fsvg%3E\" loading=\"eager\"><\/span><span class=\"fg-image-overlay\"><\/span><\/a><figcaption class=\"fg-caption\"><div class=\"fg-caption-inner\"><\/div><\/figcaption><\/figure><div class=\"fg-loader\"><\/div><\/div><div class=\"fg-item fg-type-image fg-idle\"><figure class=\"fg-item-inner\"><a href=\"https:\/\/therapie-ori.de\/wp-content\/uploads\/2023\/02\/Homepage205_Impression-scaled.jpg\" data-attachment-id=\"1124\" data-e-disable-page-transition=\"true\" data-type=\"image\" class=\"fg-thumb\"><span class=\"fg-image-wrap\"><img decoding=\"async\" width=\"120\" height=\"120\" class=\"skip-lazy fg-image\" data-src-fg=\"https:\/\/therapie-ori.de\/wp-content\/uploads\/cache\/2023\/02\/Homepage205_Impression-scaled\/2110879226.jpg\" src=\"data:image\/svg+xml,%3Csvg%20xmlns%3D%22http%3A%2F%2Fwww.w3.org%2F2000%2Fsvg%22%20width%3D%22120%22%20height%3D%22120%22%20viewBox%3D%220%200%20120%20120%22%3E%3C%2Fsvg%3E\" loading=\"eager\"><\/span><span class=\"fg-image-overlay\"><\/span><\/a><figcaption class=\"fg-caption\"><div class=\"fg-caption-inner\"><\/div><\/figcaption><\/figure><div class=\"fg-loader\"><\/div><\/div><\/div>\n\n\n\n<div style=\"height:50px\" aria-hidden=\"true\" class=\"wp-block-spacer\"><\/div>\n","protected":false},"excerpt":{"rendered":"<p>Impressionen Seit 2006 existiert die Praxisgemeinschaft Physiotherapie und Ergotherapie in Oberriexingen. In unserer Abteilung Physiotherapie und Naturheilkunde bieten wir Ihnen ein breites Spektrum an Gesundheitsleistungen, sowie Wohlf\u00fchl- &amp; Pr\u00e4ventionsangebote. Unsere Praxisr\u00e4umlichkeiten umfassen 4 Behandlungszimmer jeweils abgestimmt auf Beratungs-, Wellness- oder Therapieangebote \u2013 Einzeln oder als Gruppe.<\/p>\n","protected":false},"author":1,"featured_media":0,"parent":0,"menu_order":0,"comment_status":"closed","ping_status":"closed","template":"","meta":{"neve_meta_sidebar":"","neve_meta_container":"","neve_meta_enable_content_width":"","neve_meta_content_width":0,"neve_meta_title_alignment":"","neve_meta_author_avatar":"","neve_post_elements_order":"","neve_meta_disable_header":"","neve_meta_disable_footer":"","neve_meta_disable_title":"","footnotes":""},"class_list":["post-952","page","type-page","status-publish","hentry"],"yoast_head":"<!-- This site is optimized with the Yoast SEO plugin v25.4 - https:\/\/yoast.com\/wordpress\/plugins\/seo\/ -->\n<title>Impressionen -<\/title>\n<meta name=\"robots\" content=\"index, follow, max-snippet:-1, max-image-preview:large, max-video-preview:-1\" \/>\n<link rel=\"canonical\" href=\"https:\/\/therapie-ori.de\/index.php\/impressionen\/\" \/>\n<meta property=\"og:locale\" content=\"de_DE\" \/>\n<meta property=\"og:type\" content=\"article\" \/>\n<meta property=\"og:title\" content=\"Impressionen -\" \/>\n<meta property=\"og:description\" content=\"Impressionen Seit 2006 existiert die Praxisgemeinschaft Physiotherapie und Ergotherapie in Oberriexingen. In unserer Abteilung Physiotherapie und Naturheilkunde bieten wir Ihnen ein breites Spektrum an Gesundheitsleistungen, sowie Wohlf\u00fchl- &amp; Pr\u00e4ventionsangebote. Unsere Praxisr\u00e4umlichkeiten umfassen 4 Behandlungszimmer jeweils abgestimmt auf Beratungs-, Wellness- oder Therapieangebote \u2013 Einzeln oder als Gruppe.\" \/>\n<meta property=\"og:url\" content=\"https:\/\/therapie-ori.de\/index.php\/impressionen\/\" \/>\n<meta property=\"article:modified_time\" content=\"2023-04-21T10:39:59+00:00\" \/>\n<meta name=\"twitter:card\" content=\"summary_large_image\" \/>\n<meta name=\"twitter:label1\" content=\"Gesch\u00e4tzte Lesezeit\" \/>\n\t<meta name=\"twitter:data1\" content=\"1\u00a0Minute\" \/>\n<script type=\"application\/ld+json\" class=\"yoast-schema-graph\">{\"@context\":\"https:\/\/schema.org\",\"@graph\":[{\"@type\":\"WebPage\",\"@id\":\"https:\/\/therapie-ori.de\/index.php\/impressionen\/\",\"url\":\"https:\/\/therapie-ori.de\/index.php\/impressionen\/\",\"name\":\"Impressionen -\",\"isPartOf\":{\"@id\":\"https:\/\/therapie-ori.de\/#website\"},\"datePublished\":\"2023-02-27T14:38:36+00:00\",\"dateModified\":\"2023-04-21T10:39:59+00:00\",\"breadcrumb\":{\"@id\":\"https:\/\/therapie-ori.de\/index.php\/impressionen\/#breadcrumb\"},\"inLanguage\":\"de\",\"potentialAction\":[{\"@type\":\"ReadAction\",\"target\":[\"https:\/\/therapie-ori.de\/index.php\/impressionen\/\"]}]},{\"@type\":\"BreadcrumbList\",\"@id\":\"https:\/\/therapie-ori.de\/index.php\/impressionen\/#breadcrumb\",\"itemListElement\":[{\"@type\":\"ListItem\",\"position\":1,\"name\":\"Startseite\",\"item\":\"https:\/\/therapie-ori.de\/\"},{\"@type\":\"ListItem\",\"position\":2,\"name\":\"Impressionen\"}]},{\"@type\":\"WebSite\",\"@id\":\"https:\/\/therapie-ori.de\/#website\",\"url\":\"https:\/\/therapie-ori.de\/\",\"name\":\"\",\"description\":\"\",\"potentialAction\":[{\"@type\":\"SearchAction\",\"target\":{\"@type\":\"EntryPoint\",\"urlTemplate\":\"https:\/\/therapie-ori.de\/?s={search_term_string}\"},\"query-input\":{\"@type\":\"PropertyValueSpecification\",\"valueRequired\":true,\"valueName\":\"search_term_string\"}}],\"inLanguage\":\"de\"}]}<\/script>\n<!-- \/ Yoast SEO plugin. -->","yoast_head_json":{"title":"Impressionen -","robots":{"index":"index","follow":"follow","max-snippet":"max-snippet:-1","max-image-preview":"max-image-preview:large","max-video-preview":"max-video-preview:-1"},"canonical":"https:\/\/therapie-ori.de\/index.php\/impressionen\/","og_locale":"de_DE","og_type":"article","og_title":"Impressionen -","og_description":"Impressionen Seit 2006 existiert die Praxisgemeinschaft Physiotherapie und Ergotherapie in Oberriexingen. In unserer Abteilung Physiotherapie und Naturheilkunde bieten wir Ihnen ein breites Spektrum an Gesundheitsleistungen, sowie Wohlf\u00fchl- &amp; Pr\u00e4ventionsangebote. Unsere Praxisr\u00e4umlichkeiten umfassen 4 Behandlungszimmer jeweils abgestimmt auf Beratungs-, Wellness- oder Therapieangebote \u2013 Einzeln oder als Gruppe.","og_url":"https:\/\/therapie-ori.de\/index.php\/impressionen\/","article_modified_time":"2023-04-21T10:39:59+00:00","twitter_card":"summary_large_image","twitter_misc":{"Gesch\u00e4tzte Lesezeit":"1\u00a0Minute"},"schema":{"@context":"https:\/\/schema.org","@graph":[{"@type":"WebPage","@id":"https:\/\/therapie-ori.de\/index.php\/impressionen\/","url":"https:\/\/therapie-ori.de\/index.php\/impressionen\/","name":"Impressionen -","isPartOf":{"@id":"https:\/\/therapie-ori.de\/#website"},"datePublished":"2023-02-27T14:38:36+00:00","dateModified":"2023-04-21T10:39:59+00:00","breadcrumb":{"@id":"https:\/\/therapie-ori.de\/index.php\/impressionen\/#breadcrumb"},"inLanguage":"de","potentialAction":[{"@type":"ReadAction","target":["https:\/\/therapie-ori.de\/index.php\/impressionen\/"]}]},{"@type":"BreadcrumbList","@id":"https:\/\/therapie-ori.de\/index.php\/impressionen\/#breadcrumb","itemListElement":[{"@type":"ListItem","position":1,"name":"Startseite","item":"https:\/\/therapie-ori.de\/"},{"@type":"ListItem","position":2,"name":"Impressionen"}]},{"@type":"WebSite","@id":"https:\/\/therapie-ori.de\/#website","url":"https:\/\/therapie-ori.de\/","name":"","description":"","potentialAction":[{"@type":"SearchAction","target":{"@type":"EntryPoint","urlTemplate":"https:\/\/therapie-ori.de\/?s={search_term_string}"},"query-input":{"@type":"PropertyValueSpecification","valueRequired":true,"valueName":"search_term_string"}}],"inLanguage":"de"}]}},"_links":{"self":[{"href":"https:\/\/therapie-ori.de\/index.php\/wp-json\/wp\/v2\/pages\/952","targetHints":{"allow":["GET"]}}],"collection":[{"href":"https:\/\/therapie-ori.de\/index.php\/wp-json\/wp\/v2\/pages"}],"about":[{"href":"https:\/\/therapie-ori.de\/index.php\/wp-json\/wp\/v2\/types\/page"}],"author":[{"embeddable":true,"href":"https:\/\/therapie-ori.de\/index.php\/wp-json\/wp\/v2\/users\/1"}],"replies":[{"embeddable":true,"href":"https:\/\/therapie-ori.de\/index.php\/wp-json\/wp\/v2\/comments?post=952"}],"version-history":[{"count":4,"href":"https:\/\/therapie-ori.de\/index.php\/wp-json\/wp\/v2\/pages\/952\/revisions"}],"predecessor-version":[{"id":1128,"href":"https:\/\/therapie-ori.de\/index.php\/wp-json\/wp\/v2\/pages\/952\/revisions\/1128"}],"wp:attachment":[{"href":"https:\/\/therapie-ori.de\/index.php\/wp-json\/wp\/v2\/media?parent=952"}],"curies":[{"name":"wp","href":"https:\/\/api.w.org\/{rel}","templated":true}]}}