{"id":958,"date":"2023-02-27T14:46:15","date_gmt":"2023-02-27T14:46:15","guid":{"rendered":"https:\/\/neu.therapie-ori.de\/?page_id=958"},"modified":"2023-02-27T14:46:16","modified_gmt":"2023-02-27T14:46:16","slug":"stellenangebote","status":"publish","type":"page","link":"https:\/\/therapie-ori.de\/index.php\/stellenangebote\/","title":{"rendered":"Stellenangebote"},"content":{"rendered":"\n<h4 class=\"wp-block-heading\">Stellenangebote<\/h4>\n\n\n\n<p><strong>Physiotherapeut:in<\/strong><br>in Voll- oder Teilzeit<br>als Verst\u00e4rkung f\u00fcr unsere Praxisgemeinschaft in Oberriexingen<br>ab sofort oder sp\u00e4ter<br>gesucht.<\/p>\n\n\n\n<p>Bewirb dich gerne als Berufsanf\u00e4nger:in oder erfahrene:r Therapeut:in. Zusatzqualifikationen werden begr\u00fc\u00dft und\/oder gerne bezuschusst.<br>Wir sind ein aufgeschlossenes Team und freuen uns \u00fcber Verst\u00e4rkung und Erweiterung.<\/p>\n\n\n\n<p><strong>Masseur:in und medizinische:r Bademeister:in<\/strong><br>in Teilzeit (4\u201320 Stunden pro Woche m\u00f6glich)<br>als Verst\u00e4rkung f\u00fcr unsere Praxisgemeinschaft in Oberriexingen<br>ab sofort oder sp\u00e4ter<br>gesucht.<\/p>\n\n\n\n<p>Bewirb dich gerne als Berufsanf\u00e4nger:in oder erfahrene:r Therapeut:in. Zusatzqualifikationen werden begr\u00fc\u00dft und\/oder gerne bezuschusst.<br>Wir sind ein aufgeschlossenes Team und freuen uns \u00fcber Verst\u00e4rkung und Erweiterung.<\/p>\n","protected":false},"excerpt":{"rendered":"<p>Stellenangebote Physiotherapeut:inin Voll- oder Teilzeitals Verst\u00e4rkung f\u00fcr unsere Praxisgemeinschaft in Oberriexingenab sofort oder sp\u00e4tergesucht. Bewirb dich gerne als Berufsanf\u00e4nger:in oder erfahrene:r Therapeut:in. Zusatzqualifikationen werden begr\u00fc\u00dft und\/oder gerne bezuschusst.Wir sind ein aufgeschlossenes Team und freuen uns \u00fcber Verst\u00e4rkung und Erweiterung. Masseur:in und medizinische:r Bademeister:inin Teilzeit (4\u201320 Stunden pro Woche m\u00f6glich)als Verst\u00e4rkung f\u00fcr unsere Praxisgemeinschaft in Oberriexingenab&hellip;&nbsp;<a href=\"https:\/\/therapie-ori.de\/index.php\/stellenangebote\/\" class=\"\" rel=\"bookmark\">Weiterlesen &raquo;<span class=\"screen-reader-text\">Stellenangebote<\/span><\/a><\/p>\n","protected":false},"author":1,"featured_media":0,"parent":0,"menu_order":0,"comment_status":"closed","ping_status":"closed","template":"","meta":{"neve_meta_sidebar":"","neve_meta_container":"","neve_meta_enable_content_width":"","neve_meta_content_width":0,"neve_meta_title_alignment":"","neve_meta_author_avatar":"","neve_post_elements_order":"","neve_meta_disable_header":"","neve_meta_disable_footer":"","neve_meta_disable_title":"","footnotes":""},"class_list":["post-958","page","type-page","status-publish","hentry"],"yoast_head":"<!-- This site is optimized with the Yoast SEO plugin v25.4 - https:\/\/yoast.com\/wordpress\/plugins\/seo\/ -->\n<title>Stellenangebote -<\/title>\n<meta name=\"robots\" content=\"index, follow, max-snippet:-1, max-image-preview:large, max-video-preview:-1\" \/>\n<link rel=\"canonical\" href=\"https:\/\/therapie-ori.de\/index.php\/stellenangebote\/\" \/>\n<meta property=\"og:locale\" content=\"de_DE\" \/>\n<meta property=\"og:type\" content=\"article\" \/>\n<meta property=\"og:title\" content=\"Stellenangebote -\" \/>\n<meta property=\"og:description\" content=\"Stellenangebote Physiotherapeut:inin Voll- oder Teilzeitals Verst\u00e4rkung f\u00fcr unsere Praxisgemeinschaft in Oberriexingenab sofort oder sp\u00e4tergesucht. Bewirb dich gerne als Berufsanf\u00e4nger:in oder erfahrene:r Therapeut:in. Zusatzqualifikationen werden begr\u00fc\u00dft und\/oder gerne bezuschusst.Wir sind ein aufgeschlossenes Team und freuen uns \u00fcber Verst\u00e4rkung und Erweiterung. Masseur:in und medizinische:r Bademeister:inin Teilzeit (4\u201320 Stunden pro Woche m\u00f6glich)als Verst\u00e4rkung f\u00fcr unsere Praxisgemeinschaft in Oberriexingenab&hellip;&nbsp;Weiterlesen &raquo;Stellenangebote\" \/>\n<meta property=\"og:url\" content=\"https:\/\/therapie-ori.de\/index.php\/stellenangebote\/\" \/>\n<meta property=\"article:modified_time\" content=\"2023-02-27T14:46:16+00:00\" \/>\n<meta name=\"twitter:card\" content=\"summary_large_image\" \/>\n<meta name=\"twitter:label1\" content=\"Gesch\u00e4tzte Lesezeit\" \/>\n\t<meta name=\"twitter:data1\" content=\"1\u00a0Minute\" \/>\n<script type=\"application\/ld+json\" class=\"yoast-schema-graph\">{\"@context\":\"https:\/\/schema.org\",\"@graph\":[{\"@type\":\"WebPage\",\"@id\":\"https:\/\/therapie-ori.de\/index.php\/stellenangebote\/\",\"url\":\"https:\/\/therapie-ori.de\/index.php\/stellenangebote\/\",\"name\":\"Stellenangebote -\",\"isPartOf\":{\"@id\":\"https:\/\/therapie-ori.de\/#website\"},\"datePublished\":\"2023-02-27T14:46:15+00:00\",\"dateModified\":\"2023-02-27T14:46:16+00:00\",\"breadcrumb\":{\"@id\":\"https:\/\/therapie-ori.de\/index.php\/stellenangebote\/#breadcrumb\"},\"inLanguage\":\"de\",\"potentialAction\":[{\"@type\":\"ReadAction\",\"target\":[\"https:\/\/therapie-ori.de\/index.php\/stellenangebote\/\"]}]},{\"@type\":\"BreadcrumbList\",\"@id\":\"https:\/\/therapie-ori.de\/index.php\/stellenangebote\/#breadcrumb\",\"itemListElement\":[{\"@type\":\"ListItem\",\"position\":1,\"name\":\"Startseite\",\"item\":\"https:\/\/therapie-ori.de\/\"},{\"@type\":\"ListItem\",\"position\":2,\"name\":\"Stellenangebote\"}]},{\"@type\":\"WebSite\",\"@id\":\"https:\/\/therapie-ori.de\/#website\",\"url\":\"https:\/\/therapie-ori.de\/\",\"name\":\"\",\"description\":\"\",\"potentialAction\":[{\"@type\":\"SearchAction\",\"target\":{\"@type\":\"EntryPoint\",\"urlTemplate\":\"https:\/\/therapie-ori.de\/?s={search_term_string}\"},\"query-input\":{\"@type\":\"PropertyValueSpecification\",\"valueRequired\":true,\"valueName\":\"search_term_string\"}}],\"inLanguage\":\"de\"}]}<\/script>\n<!-- \/ Yoast SEO plugin. -->","yoast_head_json":{"title":"Stellenangebote -","robots":{"index":"index","follow":"follow","max-snippet":"max-snippet:-1","max-image-preview":"max-image-preview:large","max-video-preview":"max-video-preview:-1"},"canonical":"https:\/\/therapie-ori.de\/index.php\/stellenangebote\/","og_locale":"de_DE","og_type":"article","og_title":"Stellenangebote -","og_description":"Stellenangebote Physiotherapeut:inin Voll- oder Teilzeitals Verst\u00e4rkung f\u00fcr unsere Praxisgemeinschaft in Oberriexingenab sofort oder sp\u00e4tergesucht. Bewirb dich gerne als Berufsanf\u00e4nger:in oder erfahrene:r Therapeut:in. Zusatzqualifikationen werden begr\u00fc\u00dft und\/oder gerne bezuschusst.Wir sind ein aufgeschlossenes Team und freuen uns \u00fcber Verst\u00e4rkung und Erweiterung. Masseur:in und medizinische:r Bademeister:inin Teilzeit (4\u201320 Stunden pro Woche m\u00f6glich)als Verst\u00e4rkung f\u00fcr unsere Praxisgemeinschaft in Oberriexingenab&hellip;&nbsp;Weiterlesen &raquo;Stellenangebote","og_url":"https:\/\/therapie-ori.de\/index.php\/stellenangebote\/","article_modified_time":"2023-02-27T14:46:16+00:00","twitter_card":"summary_large_image","twitter_misc":{"Gesch\u00e4tzte Lesezeit":"1\u00a0Minute"},"schema":{"@context":"https:\/\/schema.org","@graph":[{"@type":"WebPage","@id":"https:\/\/therapie-ori.de\/index.php\/stellenangebote\/","url":"https:\/\/therapie-ori.de\/index.php\/stellenangebote\/","name":"Stellenangebote -","isPartOf":{"@id":"https:\/\/therapie-ori.de\/#website"},"datePublished":"2023-02-27T14:46:15+00:00","dateModified":"2023-02-27T14:46:16+00:00","breadcrumb":{"@id":"https:\/\/therapie-ori.de\/index.php\/stellenangebote\/#breadcrumb"},"inLanguage":"de","potentialAction":[{"@type":"ReadAction","target":["https:\/\/therapie-ori.de\/index.php\/stellenangebote\/"]}]},{"@type":"BreadcrumbList","@id":"https:\/\/therapie-ori.de\/index.php\/stellenangebote\/#breadcrumb","itemListElement":[{"@type":"ListItem","position":1,"name":"Startseite","item":"https:\/\/therapie-ori.de\/"},{"@type":"ListItem","position":2,"name":"Stellenangebote"}]},{"@type":"WebSite","@id":"https:\/\/therapie-ori.de\/#website","url":"https:\/\/therapie-ori.de\/","name":"","description":"","potentialAction":[{"@type":"SearchAction","target":{"@type":"EntryPoint","urlTemplate":"https:\/\/therapie-ori.de\/?s={search_term_string}"},"query-input":{"@type":"PropertyValueSpecification","valueRequired":true,"valueName":"search_term_string"}}],"inLanguage":"de"}]}},"_links":{"self":[{"href":"https:\/\/therapie-ori.de\/index.php\/wp-json\/wp\/v2\/pages\/958","targetHints":{"allow":["GET"]}}],"collection":[{"href":"https:\/\/therapie-ori.de\/index.php\/wp-json\/wp\/v2\/pages"}],"about":[{"href":"https:\/\/therapie-ori.de\/index.php\/wp-json\/wp\/v2\/types\/page"}],"author":[{"embeddable":true,"href":"https:\/\/therapie-ori.de\/index.php\/wp-json\/wp\/v2\/users\/1"}],"replies":[{"embeddable":true,"href":"https:\/\/therapie-ori.de\/index.php\/wp-json\/wp\/v2\/comments?post=958"}],"version-history":[{"count":1,"href":"https:\/\/therapie-ori.de\/index.php\/wp-json\/wp\/v2\/pages\/958\/revisions"}],"predecessor-version":[{"id":959,"href":"https:\/\/therapie-ori.de\/index.php\/wp-json\/wp\/v2\/pages\/958\/revisions\/959"}],"wp:attachment":[{"href":"https:\/\/therapie-ori.de\/index.php\/wp-json\/wp\/v2\/media?parent=958"}],"curies":[{"name":"wp","href":"https:\/\/api.w.org\/{rel}","templated":true}]}}